{"id":1056,"date":"2021-10-01T10:54:57","date_gmt":"2021-10-01T08:54:57","guid":{"rendered":"https:\/\/soniadesign.it\/home\/"},"modified":"2025-09-02T15:52:10","modified_gmt":"2025-09-02T13:52:10","slug":"home","status":"publish","type":"page","link":"https:\/\/soniadesign.it\/fr\/","title":{"rendered":"Home"},"content":{"rendered":"","protected":false},"excerpt":{"rendered":"","protected":false},"author":1,"featured_media":0,"parent":0,"menu_order":22,"comment_status":"closed","ping_status":"closed","template":"template-home.php","meta":{"_acf_changed":false,"footnotes":""},"class_list":["post-1056","page","type-page","status-publish","hentry","entry"],"acf":[],"yoast_head":"<!-- This site is optimized with the Yoast SEO plugin v25.8 - https:\/\/yoast.com\/wordpress\/plugins\/seo\/ -->\n<title>Home | Sonia Design<\/title>\n<meta name=\"description\" content=\"D\u00e9couvrez les solutions uniques de Sonia Design pour le packaging personnalis\u00e9, les cadeaux d&#039;entreprise et les stands d&#039;exposition. Exprimez les valeurs de votre marque avec \u00e9l\u00e9gance et cr\u00e9ativit\u00e9. Visitez notre site!\" \/>\n<meta name=\"robots\" content=\"index, follow, max-snippet:-1, max-image-preview:large, max-video-preview:-1\" \/>\n<link rel=\"canonical\" href=\"https:\/\/soniadesign.it\/fr\/\" \/>\n<meta property=\"og:locale\" content=\"fr_FR\" \/>\n<meta property=\"og:type\" content=\"article\" \/>\n<meta property=\"og:title\" content=\"Home | Sonia Design\" \/>\n<meta property=\"og:description\" content=\"D\u00e9couvrez les solutions uniques de Sonia Design pour le packaging personnalis\u00e9, les cadeaux d&#039;entreprise et les stands d&#039;exposition. Exprimez les valeurs de votre marque avec \u00e9l\u00e9gance et cr\u00e9ativit\u00e9. Visitez notre site!\" \/>\n<meta property=\"og:url\" content=\"https:\/\/soniadesign.it\/fr\/\" \/>\n<meta property=\"og:site_name\" content=\"Sonia Design\" \/>\n<meta property=\"article:modified_time\" content=\"2025-09-02T13:52:10+00:00\" \/>\n<meta name=\"twitter:card\" content=\"summary_large_image\" \/>\n<script type=\"application\/ld+json\" class=\"yoast-schema-graph\">{\"@context\":\"https:\/\/schema.org\",\"@graph\":[{\"@type\":\"WebPage\",\"@id\":\"https:\/\/soniadesign.it\/fr\/\",\"url\":\"https:\/\/soniadesign.it\/fr\/\",\"name\":\"Home | Sonia Design\",\"isPartOf\":{\"@id\":\"https:\/\/soniadesign.it\/fr\/#website\"},\"datePublished\":\"2021-10-01T08:54:57+00:00\",\"dateModified\":\"2025-09-02T13:52:10+00:00\",\"description\":\"D\u00e9couvrez les solutions uniques de Sonia Design pour le packaging personnalis\u00e9, les cadeaux d'entreprise et les stands d'exposition. Exprimez les valeurs de votre marque avec \u00e9l\u00e9gance et cr\u00e9ativit\u00e9. Visitez notre site!\",\"breadcrumb\":{\"@id\":\"https:\/\/soniadesign.it\/fr\/#breadcrumb\"},\"inLanguage\":\"fr-FR\",\"potentialAction\":[{\"@type\":\"ReadAction\",\"target\":[\"https:\/\/soniadesign.it\/fr\/\"]}]},{\"@type\":\"BreadcrumbList\",\"@id\":\"https:\/\/soniadesign.it\/fr\/#breadcrumb\",\"itemListElement\":[{\"@type\":\"ListItem\",\"position\":1,\"name\":\"Home\",\"item\":\"https:\/\/dev.soniadesign.it\/fr\/\"},{\"@type\":\"ListItem\",\"position\":2,\"name\":\"Home\"}]},{\"@type\":\"WebSite\",\"@id\":\"https:\/\/soniadesign.it\/fr\/#website\",\"url\":\"https:\/\/soniadesign.it\/fr\/\",\"name\":\"Sonia Design\",\"description\":\"\",\"publisher\":{\"@id\":\"https:\/\/soniadesign.it\/fr\/#organization\"},\"potentialAction\":[{\"@type\":\"SearchAction\",\"target\":{\"@type\":\"EntryPoint\",\"urlTemplate\":\"https:\/\/soniadesign.it\/fr\/?s={search_term_string}\"},\"query-input\":{\"@type\":\"PropertyValueSpecification\",\"valueRequired\":true,\"valueName\":\"search_term_string\"}}],\"inLanguage\":\"fr-FR\"},{\"@type\":\"Organization\",\"@id\":\"https:\/\/soniadesign.it\/fr\/#organization\",\"name\":\"Sonia Design\",\"url\":\"https:\/\/soniadesign.it\/fr\/\",\"logo\":{\"@type\":\"ImageObject\",\"inLanguage\":\"fr-FR\",\"@id\":\"https:\/\/soniadesign.it\/fr\/#\/schema\/logo\/image\/\",\"url\":\"https:\/\/soniadesign.it\/wp-content\/uploads\/2021\/10\/logo-sonia-design.svg\",\"contentUrl\":\"https:\/\/soniadesign.it\/wp-content\/uploads\/2021\/10\/logo-sonia-design.svg\",\"width\":134,\"height\":70,\"caption\":\"Sonia Design\"},\"image\":{\"@id\":\"https:\/\/soniadesign.it\/fr\/#\/schema\/logo\/image\/\"}}]}<\/script>\n<!-- \/ Yoast SEO plugin. -->","yoast_head_json":{"title":"Home | Sonia Design","description":"D\u00e9couvrez les solutions uniques de Sonia Design pour le packaging personnalis\u00e9, les cadeaux d'entreprise et les stands d'exposition. Exprimez les valeurs de votre marque avec \u00e9l\u00e9gance et cr\u00e9ativit\u00e9. Visitez notre site!","robots":{"index":"index","follow":"follow","max-snippet":"max-snippet:-1","max-image-preview":"max-image-preview:large","max-video-preview":"max-video-preview:-1"},"canonical":"https:\/\/soniadesign.it\/fr\/","og_locale":"fr_FR","og_type":"article","og_title":"Home | Sonia Design","og_description":"D\u00e9couvrez les solutions uniques de Sonia Design pour le packaging personnalis\u00e9, les cadeaux d'entreprise et les stands d'exposition. Exprimez les valeurs de votre marque avec \u00e9l\u00e9gance et cr\u00e9ativit\u00e9. Visitez notre site!","og_url":"https:\/\/soniadesign.it\/fr\/","og_site_name":"Sonia Design","article_modified_time":"2025-09-02T13:52:10+00:00","twitter_card":"summary_large_image","schema":{"@context":"https:\/\/schema.org","@graph":[{"@type":"WebPage","@id":"https:\/\/soniadesign.it\/fr\/","url":"https:\/\/soniadesign.it\/fr\/","name":"Home | Sonia Design","isPartOf":{"@id":"https:\/\/soniadesign.it\/fr\/#website"},"datePublished":"2021-10-01T08:54:57+00:00","dateModified":"2025-09-02T13:52:10+00:00","description":"D\u00e9couvrez les solutions uniques de Sonia Design pour le packaging personnalis\u00e9, les cadeaux d'entreprise et les stands d'exposition. Exprimez les valeurs de votre marque avec \u00e9l\u00e9gance et cr\u00e9ativit\u00e9. Visitez notre site!","breadcrumb":{"@id":"https:\/\/soniadesign.it\/fr\/#breadcrumb"},"inLanguage":"fr-FR","potentialAction":[{"@type":"ReadAction","target":["https:\/\/soniadesign.it\/fr\/"]}]},{"@type":"BreadcrumbList","@id":"https:\/\/soniadesign.it\/fr\/#breadcrumb","itemListElement":[{"@type":"ListItem","position":1,"name":"Home","item":"https:\/\/dev.soniadesign.it\/fr\/"},{"@type":"ListItem","position":2,"name":"Home"}]},{"@type":"WebSite","@id":"https:\/\/soniadesign.it\/fr\/#website","url":"https:\/\/soniadesign.it\/fr\/","name":"Sonia Design","description":"","publisher":{"@id":"https:\/\/soniadesign.it\/fr\/#organization"},"potentialAction":[{"@type":"SearchAction","target":{"@type":"EntryPoint","urlTemplate":"https:\/\/soniadesign.it\/fr\/?s={search_term_string}"},"query-input":{"@type":"PropertyValueSpecification","valueRequired":true,"valueName":"search_term_string"}}],"inLanguage":"fr-FR"},{"@type":"Organization","@id":"https:\/\/soniadesign.it\/fr\/#organization","name":"Sonia Design","url":"https:\/\/soniadesign.it\/fr\/","logo":{"@type":"ImageObject","inLanguage":"fr-FR","@id":"https:\/\/soniadesign.it\/fr\/#\/schema\/logo\/image\/","url":"https:\/\/soniadesign.it\/wp-content\/uploads\/2021\/10\/logo-sonia-design.svg","contentUrl":"https:\/\/soniadesign.it\/wp-content\/uploads\/2021\/10\/logo-sonia-design.svg","width":134,"height":70,"caption":"Sonia Design"},"image":{"@id":"https:\/\/soniadesign.it\/fr\/#\/schema\/logo\/image\/"}}]}},"_links":{"self":[{"href":"https:\/\/soniadesign.it\/fr\/wp-json\/wp\/v2\/pages\/1056","targetHints":{"allow":["GET"]}}],"collection":[{"href":"https:\/\/soniadesign.it\/fr\/wp-json\/wp\/v2\/pages"}],"about":[{"href":"https:\/\/soniadesign.it\/fr\/wp-json\/wp\/v2\/types\/page"}],"author":[{"embeddable":true,"href":"https:\/\/soniadesign.it\/fr\/wp-json\/wp\/v2\/users\/1"}],"replies":[{"embeddable":true,"href":"https:\/\/soniadesign.it\/fr\/wp-json\/wp\/v2\/comments?post=1056"}],"version-history":[{"count":15,"href":"https:\/\/soniadesign.it\/fr\/wp-json\/wp\/v2\/pages\/1056\/revisions"}],"predecessor-version":[{"id":2642,"href":"https:\/\/soniadesign.it\/fr\/wp-json\/wp\/v2\/pages\/1056\/revisions\/2642"}],"wp:attachment":[{"href":"https:\/\/soniadesign.it\/fr\/wp-json\/wp\/v2\/media?parent=1056"}],"curies":[{"name":"wp","href":"https:\/\/api.w.org\/{rel}","templated":true}]}}